{"id":3,"date":"2020-07-16T16:43:15","date_gmt":"2020-07-16T14:43:15","guid":{"rendered":"http:\/\/ggrues.com\/?page_id=3"},"modified":"2021-03-02T19:04:53","modified_gmt":"2021-03-02T17:04:53","slug":"politica-privacidad","status":"publish","type":"page","link":"http:\/\/ggrues.com\/es\/politica-privacidad\/","title":{"rendered":"Pol\u00edtica de Privacidad"},"content":{"rendered":"\r\n<p>Antes de enviarnos una solicitud, es necesario que lea la informaci\u00f3n b\u00e1sica sobre protecci\u00f3n de datos que figura a continuaci\u00f3n:<\/p>\r\n\r\n\r\n\r\n<figure class=\"wp-block-table\">\r\n<table>\r\n<tbody>\r\n<tr>\r\n<td><strong>INFORMACI\u00d3N B\u00c1SICA SOBRE PROTECCI\u00d3N DE DATOS<\/strong><\/td>\r\n<\/tr>\r\n<tr>\r\n<td><strong>Responsable del tratamiento de sus datos:<\/strong><\/td>\r\n<td>TEPSIS SBD, S.L.<\/td>\r\n<\/tr>\r\n<tr>\r\n<td><strong>Finalidad del tratamiento:<\/strong><\/td>\r\n<td>Gestionar y atender las solicitudes d\u2019informaci\u00f3n y\/o consultas que los ususarios de este formulario contactar nos env\u00eden<\/td>\r\n<\/tr>\r\n<tr>\r\n<td><strong>Legitimaci\u00f3ndel tratamiento:<\/strong><\/td>\r\n<td>Consentimiento del interessado en el momento de enviarnos el formulario rellenado sus datos.<\/td>\r\n<\/tr>\r\n<tr>\r\n<td><strong>Destinatarios de sus datos:<\/strong><\/td>\r\n<td>El personal y la direcci\u00f3n de la empesa.No cederemos sus datos a terceros, excepto por obligaci\u00f3n legal.<\/td>\r\n<\/tr>\r\n<tr>\r\n<td><strong>Derechos que le asisten:<\/strong><\/td>\r\n<td>Tiene derecho a acceder, rectificar y\/o suprimir sus datos, as\u00ed como otros derechos, com se explica detalladamente en la informaci\u00f3n adicional.<\/td>\r\n<\/tr>\r\n<tr>\r\n<td><strong>Informaci\u00f3n adicional:<\/strong><\/td>\r\n<td>Pueden consultar la informaci\u00f3n adicional y detallada sobre el tratamiento de sus datos, en el texto a continuaci\u00f3n.<\/td>\r\n<\/tr>\r\n<\/tbody>\r\n<\/table>\r\n<\/figure>\r\n\r\n\r\n\r\n<p><strong>\u00a0INFORMACI\u00d3N ADICIONAL<\/strong><\/p>\r\n\r\n\r\n\r\n<ol class=\"wp-block-list\">\r\n<li><strong>Responsable del Tratamiento de sus datos:<\/strong><\/li>\r\n<\/ol>\r\n\r\n\r\n\r\n<p>En cumplimiento del Reglamento (UE) 2016\/679 General de Protecci\u00f3n de Datos, ponemos en su conocimiento que el responsable del tratamiento de sus datos es:<\/p>\r\n\r\n\r\n\r\n<p>TEPSIS SBD, S.L.<\/p>\r\n\r\n\r\n\r\n<p>NIF\u00a0 B-64.086.705<\/p>\r\n\r\n\r\n\r\n<p>Direcci\u00f3n postal: C\/ Sant Cugat no. 49 Baixos Sabadell<\/p>\r\n\r\n\r\n\r\n<p>Direcci\u00f3n electr\u00f3nica:\u00a0<a href=\"mailto:info@tepsis.com\">info@tepsis.com<\/a><\/p>\r\n\r\n\r\n\r\n<p>Tel\u00e9fono: \u00a093.725.98.61<\/p>\r\n\r\n\r\n\r\n<ol class=\"wp-block-list\" start=\"2\">\r\n<li><strong>Finalidad del Tratamiento de sus datos: Gestionar y atender las solicitudes de informaci\u00f3n\/consultas<\/strong><\/li>\r\n<\/ol>\r\n\r\n\r\n\r\n<p>TEPSIS SBD, S.L. tratar\u00e1 sus datos con la finalidad de:<\/p>\r\n\r\n\r\n\r\n<ul class=\"wp-block-list\">\r\n<li>Gestionar y atender las solicitudes d\u2019informaci\u00f3n y\/o consultas que los usuarios del formulario contactar de la web nos env\u00eden.<\/li>\r\n<li>Gestionar el env\u00edo de la informaci\u00f3n que nos soliciten y, en los casos que que se requiera, facilitarles ofertas de los productos y\/o servicios de TEPSIS de los cuales nos haya manifestado su inter\u00e9s.<\/li>\r\n<\/ul>\r\n\r\n\r\n\r\n<p>TEPSIS no tomar\u00e0 decisiones automatizadea en base a su perfil.<\/p>\r\n\r\n\r\n\r\n<ol class=\"wp-block-list\" start=\"3\">\r\n<li><strong>Legitimaci\u00f3n para el tratamiento de sus datos: Para consentimiento del interessado<\/strong><\/li>\r\n<\/ol>\r\n\r\n\r\n\r\n<p>La base legal para el tratamiento de sus datos es la obtenci\u00f3n del consentimiento del usuario del fichero. Es por esta raz\u00f3n que TEPSIS solicita su consentimiento para tratar sus datos con la finalidad anteriormente descrita de gestionar y atender las consultas que se nos planteen, consentimiento que nos ser\u00e1 prestado en caso y en el momento de rellenar y enviarnos el presente formulario.<\/p>\r\n\r\n\r\n\r\n<ol class=\"wp-block-list\" start=\"4\">\r\n<li><strong>Periodo conservaci\u00f3n de los datos<\/strong><\/li>\r\n<\/ol>\r\n\r\n\r\n\r\n<p>TEPSIS SBD, S.L. conservar\u00e1 sus datos personales que nos haya proporcionado, en tanto en cuanto no nos solicite su supresi\u00f3n.<\/p>\r\n\r\n\r\n\r\n<ol class=\"wp-block-list\" start=\"5\">\r\n<li><strong>Destinatarios a los que comunicaremos sus datos<\/strong><\/li>\r\n<\/ol>\r\n\r\n\r\n\r\n<p>Los destinatarios de sus datos ser\u00e1n el personal de la empresa y el Administrador de la compa\u00f1\u00eda.<\/p>\r\n\r\n\r\n\r\n<p>Sus datos no se ceder\u00e1n a terceros, excepto quan exista una obligaci\u00f3n legal.<\/p>\r\n\r\n\r\n\r\n<ol class=\"wp-block-list\" start=\"6\">\r\n<li><strong>Derechos que le asisten<\/strong><\/li>\r\n<\/ol>\r\n\r\n\r\n\r\n<p>Finalmente, le informamos que, si lo desea, puede ejercer los derechos que el RGPD 679\/2016 reconoce a las personas interesadas a acceder a sus datos,\u00a0 a solicitar la rectificaci\u00f3n de los datos inexactos, a oponerse al tratamiento de sus datos en determinadas circunstancias, a cancelar el tratamiento de sus datos en determinadas circunstancias, a solicitar la supresi\u00f3n de sus datos cuando, entre otros motivos, los datos ya no sean necesarios para a la finalidad para la que fueron recogidos, al olvido ,a la limitaci\u00f3n del tratamiento y a la portabilidad de los datos, dirigi\u00e9ndose por escrito a\u00a0<a href=\"mailto:info@tepsis.com\">info@tepsis.com<\/a>\u00a0con copia de su DNI.<\/p>\r\n","protected":false},"excerpt":{"rendered":"<p>Antes de enviarnos una solicitud, es necesario que lea la informaci\u00f3n b\u00e1sica sobre protecci\u00f3n de datos que figura a continuaci\u00f3n: INFORMACI\u00d3N B\u00c1SICA SOBRE PROTECCI\u00d3N DE DATOS Responsable del tratamiento de sus datos: TEPSIS SBD, S.L. Finalidad del tratamiento: Gestionar y atender las solicitudes d\u2019informaci\u00f3n y\/o consultas que los ususarios de este formulario contactar nos env\u00eden [&hellip;]<\/p>\n","protected":false},"author":1,"featured_media":0,"parent":0,"menu_order":0,"comment_status":"closed","ping_status":"closed","template":"","meta":{"footnotes":""},"class_list":["post-3","page","type-page","status-publish","hentry"],"yoast_head":"<!-- This site is optimized with the Yoast SEO plugin v24.6 - https:\/\/yoast.com\/wordpress\/plugins\/seo\/ -->\n<title>Pol\u00edtica de Privacidad - G-Gru@s<\/title>\n<meta name=\"robots\" content=\"index, follow, max-snippet:-1, max-image-preview:large, max-video-preview:-1\" \/>\n<link rel=\"canonical\" href=\"http:\/\/ggrues.com\/es\/politica-privacidad\/\" \/>\n<meta property=\"og:locale\" content=\"es_ES\" \/>\n<meta property=\"og:type\" content=\"article\" \/>\n<meta property=\"og:title\" content=\"Pol\u00edtica de Privacidad - G-Gru@s\" \/>\n<meta property=\"og:description\" content=\"Antes de enviarnos una solicitud, es necesario que lea la informaci\u00f3n b\u00e1sica sobre protecci\u00f3n de datos que figura a continuaci\u00f3n: INFORMACI\u00d3N B\u00c1SICA SOBRE PROTECCI\u00d3N DE DATOS Responsable del tratamiento de sus datos: TEPSIS SBD, S.L. Finalidad del tratamiento: Gestionar y atender las solicitudes d\u2019informaci\u00f3n y\/o consultas que los ususarios de este formulario contactar nos env\u00eden [&hellip;]\" \/>\n<meta property=\"og:url\" content=\"http:\/\/ggrues.com\/es\/politica-privacidad\/\" \/>\n<meta property=\"og:site_name\" content=\"G-Gru@s\" \/>\n<meta property=\"article:modified_time\" content=\"2021-03-02T17:04:53+00:00\" \/>\n<meta name=\"twitter:card\" content=\"summary_large_image\" \/>\n<meta name=\"twitter:label1\" content=\"Tiempo de lectura\" \/>\n\t<meta name=\"twitter:data1\" content=\"3 minutos\" \/>\n<script type=\"application\/ld+json\" class=\"yoast-schema-graph\">{\"@context\":\"https:\/\/schema.org\",\"@graph\":[{\"@type\":\"WebPage\",\"@id\":\"http:\/\/ggrues.com\/es\/politica-privacidad\/\",\"url\":\"http:\/\/ggrues.com\/es\/politica-privacidad\/\",\"name\":\"Pol\u00edtica de Privacidad - G-Gru@s\",\"isPartOf\":{\"@id\":\"http:\/\/ggrues.com\/es\/#website\"},\"datePublished\":\"2020-07-16T14:43:15+00:00\",\"dateModified\":\"2021-03-02T17:04:53+00:00\",\"breadcrumb\":{\"@id\":\"http:\/\/ggrues.com\/es\/politica-privacidad\/#breadcrumb\"},\"inLanguage\":\"es\",\"potentialAction\":[{\"@type\":\"ReadAction\",\"target\":[\"http:\/\/ggrues.com\/es\/politica-privacidad\/\"]}]},{\"@type\":\"BreadcrumbList\",\"@id\":\"http:\/\/ggrues.com\/es\/politica-privacidad\/#breadcrumb\",\"itemListElement\":[{\"@type\":\"ListItem\",\"position\":1,\"name\":\"Inici\",\"item\":\"http:\/\/ggrues.com\/es\/\"},{\"@type\":\"ListItem\",\"position\":2,\"name\":\"Pol\u00edtica de Privacidad\"}]},{\"@type\":\"WebSite\",\"@id\":\"http:\/\/ggrues.com\/es\/#website\",\"url\":\"http:\/\/ggrues.com\/es\/\",\"name\":\"G-Gru@s\",\"description\":\"Soluci\u00f3n integral para el sector de las gr\u00faas telesc\u00f3picas\",\"publisher\":{\"@id\":\"http:\/\/ggrues.com\/es\/#organization\"},\"potentialAction\":[{\"@type\":\"SearchAction\",\"target\":{\"@type\":\"EntryPoint\",\"urlTemplate\":\"http:\/\/ggrues.com\/es\/?s={search_term_string}\"},\"query-input\":{\"@type\":\"PropertyValueSpecification\",\"valueRequired\":true,\"valueName\":\"search_term_string\"}}],\"inLanguage\":\"es\"},{\"@type\":\"Organization\",\"@id\":\"http:\/\/ggrues.com\/es\/#organization\",\"name\":\"Tepsis Sbd SL\",\"url\":\"http:\/\/ggrues.com\/es\/\",\"logo\":{\"@type\":\"ImageObject\",\"inLanguage\":\"es\",\"@id\":\"http:\/\/ggrues.com\/es\/#\/schema\/logo\/image\/\",\"url\":\"http:\/\/ggrues.com\/wp-content\/uploads\/2020\/07\/ggrues_by_tepsis_logo.png\",\"contentUrl\":\"http:\/\/ggrues.com\/wp-content\/uploads\/2020\/07\/ggrues_by_tepsis_logo.png\",\"width\":998,\"height\":370,\"caption\":\"Tepsis Sbd SL\"},\"image\":{\"@id\":\"http:\/\/ggrues.com\/es\/#\/schema\/logo\/image\/\"},\"sameAs\":[\"https:\/\/es.linkedin.com\/company\/tepsis\"]}]}<\/script>\n<!-- \/ Yoast SEO plugin. -->","yoast_head_json":{"title":"Pol\u00edtica de Privacidad - G-Gru@s","robots":{"index":"index","follow":"follow","max-snippet":"max-snippet:-1","max-image-preview":"max-image-preview:large","max-video-preview":"max-video-preview:-1"},"canonical":"http:\/\/ggrues.com\/es\/politica-privacidad\/","og_locale":"es_ES","og_type":"article","og_title":"Pol\u00edtica de Privacidad - G-Gru@s","og_description":"Antes de enviarnos una solicitud, es necesario que lea la informaci\u00f3n b\u00e1sica sobre protecci\u00f3n de datos que figura a continuaci\u00f3n: INFORMACI\u00d3N B\u00c1SICA SOBRE PROTECCI\u00d3N DE DATOS Responsable del tratamiento de sus datos: TEPSIS SBD, S.L. Finalidad del tratamiento: Gestionar y atender las solicitudes d\u2019informaci\u00f3n y\/o consultas que los ususarios de este formulario contactar nos env\u00eden [&hellip;]","og_url":"http:\/\/ggrues.com\/es\/politica-privacidad\/","og_site_name":"G-Gru@s","article_modified_time":"2021-03-02T17:04:53+00:00","twitter_card":"summary_large_image","twitter_misc":{"Tiempo de lectura":"3 minutos"},"schema":{"@context":"https:\/\/schema.org","@graph":[{"@type":"WebPage","@id":"http:\/\/ggrues.com\/es\/politica-privacidad\/","url":"http:\/\/ggrues.com\/es\/politica-privacidad\/","name":"Pol\u00edtica de Privacidad - G-Gru@s","isPartOf":{"@id":"http:\/\/ggrues.com\/es\/#website"},"datePublished":"2020-07-16T14:43:15+00:00","dateModified":"2021-03-02T17:04:53+00:00","breadcrumb":{"@id":"http:\/\/ggrues.com\/es\/politica-privacidad\/#breadcrumb"},"inLanguage":"es","potentialAction":[{"@type":"ReadAction","target":["http:\/\/ggrues.com\/es\/politica-privacidad\/"]}]},{"@type":"BreadcrumbList","@id":"http:\/\/ggrues.com\/es\/politica-privacidad\/#breadcrumb","itemListElement":[{"@type":"ListItem","position":1,"name":"Inici","item":"http:\/\/ggrues.com\/es\/"},{"@type":"ListItem","position":2,"name":"Pol\u00edtica de Privacidad"}]},{"@type":"WebSite","@id":"http:\/\/ggrues.com\/es\/#website","url":"http:\/\/ggrues.com\/es\/","name":"G-Gru@s","description":"Soluci\u00f3n integral para el sector de las gr\u00faas telesc\u00f3picas","publisher":{"@id":"http:\/\/ggrues.com\/es\/#organization"},"potentialAction":[{"@type":"SearchAction","target":{"@type":"EntryPoint","urlTemplate":"http:\/\/ggrues.com\/es\/?s={search_term_string}"},"query-input":{"@type":"PropertyValueSpecification","valueRequired":true,"valueName":"search_term_string"}}],"inLanguage":"es"},{"@type":"Organization","@id":"http:\/\/ggrues.com\/es\/#organization","name":"Tepsis Sbd SL","url":"http:\/\/ggrues.com\/es\/","logo":{"@type":"ImageObject","inLanguage":"es","@id":"http:\/\/ggrues.com\/es\/#\/schema\/logo\/image\/","url":"http:\/\/ggrues.com\/wp-content\/uploads\/2020\/07\/ggrues_by_tepsis_logo.png","contentUrl":"http:\/\/ggrues.com\/wp-content\/uploads\/2020\/07\/ggrues_by_tepsis_logo.png","width":998,"height":370,"caption":"Tepsis Sbd SL"},"image":{"@id":"http:\/\/ggrues.com\/es\/#\/schema\/logo\/image\/"},"sameAs":["https:\/\/es.linkedin.com\/company\/tepsis"]}]}},"_links":{"self":[{"href":"http:\/\/ggrues.com\/es\/wp-json\/wp\/v2\/pages\/3","targetHints":{"allow":["GET"]}}],"collection":[{"href":"http:\/\/ggrues.com\/es\/wp-json\/wp\/v2\/pages"}],"about":[{"href":"http:\/\/ggrues.com\/es\/wp-json\/wp\/v2\/types\/page"}],"author":[{"embeddable":true,"href":"http:\/\/ggrues.com\/es\/wp-json\/wp\/v2\/users\/1"}],"replies":[{"embeddable":true,"href":"http:\/\/ggrues.com\/es\/wp-json\/wp\/v2\/comments?post=3"}],"version-history":[{"count":4,"href":"http:\/\/ggrues.com\/es\/wp-json\/wp\/v2\/pages\/3\/revisions"}],"predecessor-version":[{"id":810,"href":"http:\/\/ggrues.com\/es\/wp-json\/wp\/v2\/pages\/3\/revisions\/810"}],"wp:attachment":[{"href":"http:\/\/ggrues.com\/es\/wp-json\/wp\/v2\/media?parent=3"}],"curies":[{"name":"wp","href":"https:\/\/api.w.org\/{rel}","templated":true}]}}