{"id":17,"date":"2020-07-19T10:42:52","date_gmt":"2020-07-19T10:42:52","guid":{"rendered":"http:\/\/ggrues.com\/?page_id=17"},"modified":"2021-03-02T19:04:33","modified_gmt":"2021-03-02T17:04:33","slug":"aviso-legal","status":"publish","type":"page","link":"http:\/\/ggrues.com\/es\/aviso-legal\/","title":{"rendered":"Aviso Legal"},"content":{"rendered":"\r\n<p><strong>TITULARIDAD DEL PORTAL.<\/strong><\/p>\r\n\r\n\r\n\r\n<p>TEPSIS SBD, S.L. es el Titular del portal web www.ggrues.com (en adelante, el Portal). Su domicilio se encuentra en Sabadell, calle Sant Cugat no. 49 baixos y est\u00e1 provista de CIF B-64.086.705.<\/p>\r\n\r\n\r\n\r\n<p>Los datos registrales del Titular son: Registre Mercantil de Barcelona, Vol. 38226, Folio 210, Hoja B323730.<\/p>\r\n\r\n\r\n\r\n<p>Puede ponerse en contacto con el Titular del Portal a trav\u00e9s del siguiente e-mail: info@tepsis.com<\/p>\r\n\r\n\r\n\r\n<p>El nombre de dominio TEPSIS a trav\u00e9s del que se accede al presente Portal es titularidad de TEPSIS SBD, S.L. estando prohibida su utilizaci\u00f3n en conexi\u00f3n con contenidos, productos o servicios que no sean titularidad de TEPSIS SBD que pueda causar confusi\u00f3n entre los usuarios finales o el descr\u00e9dito de TEPSIS SBD.<\/p>\r\n\r\n\r\n\r\n<p><strong>OBJETO.<\/strong><\/p>\r\n\r\n\r\n\r\n<p>El presente Aviso Legal tiene por objeto establecer las Condiciones Generales que regulan el acceso, navegaci\u00f3n y uso del citado Portal por parte de todos los Usuarios. Si el Usuario no est\u00e1 de acuerdo con las mismas, no tendr\u00e1 derecho a utilizar el sitio web de TEPSIS.<\/p>\r\n\r\n\r\n\r\n<p>El hecho de acceder al presente Portal supone el conocimiento y aceptaci\u00f3n \u00edntegra por parte del usuario de los t\u00e9rminos y condiciones de uso del Portal, en la versi\u00f3n publicada en el momento en que se acceda al sitio web.<\/p>\r\n\r\n\r\n\r\n<p>Es este sentido, TEPSIS SBD se reserva el derecho de modificar o actualizar, en cualquier momento, las presentes Condiciones Generales y, en general, de los elementos que integran el dise\u00f1o y la configuraci\u00f3n del Portal. Por ello, TEPSIS SBD recomienda a los Usuarios que lean detenidamente las presentes condiciones cada vez que accedan al Portal.<\/p>\r\n\r\n\r\n\r\n<p>Asimismo, el Titular se reserva la facultad de dar por terminado, suspender o interrumpir, en cualquier momento y sin necesidad de preaviso, el acceso a los productos, servicios y\/o Contenidos del Portal, as\u00ed como la configuraci\u00f3n misma del Portal, prestaciones, productos, servicios y Contenidos, sin posibilidad por parte del Usuario de reclamar ni exigir indemnizaci\u00f3n alguna; en particular, con motivo de operaciones de mantenimiento, reparaci\u00f3n, actualizaci\u00f3n, mejora y\/o adecuaci\u00f3n a cambios t\u00e9cnicos, operativos y\/o legales. Tras dicha terminaci\u00f3n, seguir\u00e1n vigentes las prohibiciones, restricciones y limitaciones contenidas en el presente Aviso Legal y\/o en cualesquiera condiciones particulares que sean de aplicaci\u00f3n.<\/p>\r\n\r\n\r\n\r\n<p><strong>ACCESO Y USO DEL PORTAL.<\/strong><\/p>\r\n\r\n\r\n\r\n<p>El Usuario declara que dispone de la capacidad legal necesaria para vincularse por este acuerdo y para utilizar este Portal de conformidad con las Condiciones Generales aqu\u00ed enunciadas, que entiende y comprende en su totalidad.<\/p>\r\n\r\n\r\n\r\n<p>El mero acceso al Portal, el uso de los contenidos ofrecidos en el mismo, as\u00ed como la cumplimentaci\u00f3n de formularios, el env\u00edo de solicitudes de informaci\u00f3n y, en general, cualquier acto de naturaleza similar a los anteriores implicar\u00e1, por parte de quienes naveguen en el Portal, la adquisici\u00f3n de la consideraci\u00f3n de Usuario y la aceptaci\u00f3n, sin reservas, de todas y cada una de las normas integrantes del presente Aviso Legal.<\/p>\r\n\r\n\r\n\r\n<p>El Usuario declara asimismo que toda la informaci\u00f3n suministrada por \u00e9l en el curso de la utilizaci\u00f3n de este Portal es verdadera, completa y precisa.<\/p>\r\n\r\n\r\n\r\n<p>En todo caso, el acceso, navegaci\u00f3n y uso del Portal se hace bajo la \u00fanica y exclusiva responsabilidad del Usuario, por lo que \u00e9ste se compromete a observar diligente y fielmente cualquier instrucci\u00f3n adicional relativa al uso del Portal y sus contenidos. En este sentido, el Usuario se obliga a usar los contenidos del Portal de forma diligente, correcta y l\u00edcita, de conformidad con la legislaci\u00f3n vigente y, en particular, se compromete a abstenerse de:<\/p>\r\n\r\n\r\n\r\n<ol class=\"wp-block-list\">\r\n<li>Utilizarlos con fines o efectos contrarios a la ley, a la moral, a las buenas costumbres generalmente aceptadas o al orden p\u00fablico y a las instrucciones recibidas del Titular.<\/li>\r\n<li>Utilizarlos con fines lesivos de los leg\u00edtimos derechos de terceros.<\/li>\r\n<li>Emplear los contenidos y, en particular, la informaci\u00f3n de cualquier clase obtenida a trav\u00e9s del Portal para remitir publicidad, comunicaciones con fines de venta directa o con cualquier otra clase de finalidad comercial, mensajes no solicitados dirigidos a una pluralidad de personas con independencia de su finalidad, as\u00ed como abstenerse de comercializar o divulgar de cualquier modo dicha informaci\u00f3n.<\/li>\r\n<\/ol>\r\n\r\n\r\n\r\n<p><strong>PROPIEDAD INTELECTUAL E INDUSTRIAL.<\/strong><\/p>\r\n\r\n\r\n\r\n<p>Todos los contenidos del Portal, entendiendo por estos a titulo meramente enunciativo y no exhaustivo los textos, las fotograf\u00edas, los gr\u00e1ficos, las im\u00e1genes, los iconos, la tecnolog\u00eda, la estructura de navegaci\u00f3n, el software, contenidos audiovisuales o sonoros, el dise\u00f1o grafico y los c\u00f3digos fuente, los \u00edndices, las marcas, logotipos, expresiones e informaciones y, en general, cualquier otra creaci\u00f3n protegida por las normas nacionales y tratados internacionales sobre propiedad intelectual e industrial(en adelante los contenidos) son propiedad intelectual de TEPSIS SBD o de terceros, de los que TEPSIS SBD ha obtenido la correspondiente licencia.<\/p>\r\n\r\n\r\n\r\n<p>Quedan reservados todos los derechos de propiedad intelectual e industrial sobre los Contenidos dando lugar a responsabilidades el uso, explotaci\u00f3n o utilizaci\u00f3n no autorizada de los contenidos.<\/p>\r\n\r\n\r\n\r\n<p>Tambi\u00e9n est\u00e1 prohibido el uso de las marcas, nombres comerciales o signos distintivos titularidad del Titular o de terceros, sin el previo consentimiento por escrito de su Titular.<\/p>\r\n\r\n\r\n\r\n<p><strong>RESPONSABILIDADES DEL TITULAR.<\/strong><\/p>\r\n\r\n\r\n\r\n<p>El Titular declara que ha adoptado todas las medidas necesarias y razonables, dentro de sus posibilidades y del estado de la tecnolog\u00eda, para garantizar el funcionamiento del Portal y evitar la existencia y\/o transmisi\u00f3n de virus y dem\u00e1s componentes da\u00f1inos a los Usuarios.<\/p>\r\n\r\n\r\n\r\n<p>Asimismo el Titular pondr\u00e1 todos los medios razonables a su disposici\u00f3n para comprobar la veracidad, exactitud, adecuaci\u00f3n, idoneidad, exhaustividad y actualidad de la informaci\u00f3n y contenidos suministrados en el Portal.<\/p>\r\n\r\n\r\n\r\n<p><strong>EXCLUSI\u00d3N DE GARANT\u00cdAS.<\/strong><\/p>\r\n\r\n\r\n\r\n<p>El Usuario reconoce y acepta expresamente que el Titular no otorga ninguna garant\u00eda de cualquier tipo, ya sea expresa o impl\u00edcita, sobre la fiabilidad, utilidad o exactitud de la informaci\u00f3n publicada y\/o suministrada en el Portal con relaci\u00f3n a los productos y\/o servicios de TEPSIS.<\/p>\r\n\r\n\r\n\r\n<p>En particular, el Titular no garantiza ni se hace responsable de:<\/p>\r\n\r\n\r\n\r\n<ol class=\"wp-block-list\">\r\n<li>La falta de disponibilidad o accesibilidad del Portal o de continuidad de los contenidos del Portal;<\/li>\r\n<li>La existencia de interrupciones, errores en el acceso al Portal o mal funcionamiento del Portal, as\u00ed como problemas t\u00e9cnicos o fallos que se produzcan durante la conexi\u00f3n a Internet;<\/li>\r\n<li>La ausencia de virus y dem\u00e1s elementos inform\u00e1ticos da\u00f1inos en el Portal o servidor que lo suministra; Corresponde al Usuario, en su caso, la disponibilidad de medios adecuados para la detecci\u00f3n o desinfecci\u00f3n de programas inform\u00e1ticos da\u00f1inos.<\/li>\r\n<li>La invulnerabilidad del Portal y de las medidas de seguridad que se adopten en el mismo;<\/li>\r\n<li>La inexistencia de errores en los contenidos;<\/li>\r\n<li>La adecuaci\u00f3n para un prop\u00f3sito o fin particular del Portal y de la informaci\u00f3n publicada y\/o suministrada con relaci\u00f3n a los productos o servicios de TEPSIS;<\/li>\r\n<li>Las decisiones tomadas a partir de la informaci\u00f3n suministrada en el Portal, ni de los da\u00f1os y perjuicios para el Usuario o para terceros en motivo de actuaciones que tengan como \u00fanico fundamento la informaci\u00f3n obtenida en el portal.<\/li>\r\n<li>De los da\u00f1os producidos en los equipos inform\u00e1ticos de los usuarios o de terceros durante la prestaci\u00f3n del servicio del Portal.<\/li>\r\n<li>Cualesquiera otros da\u00f1os que en su caso pudieran causarse por funcionamiento defectuoso del Portal.<\/li>\r\n<\/ol>\r\n\r\n\r\n\r\n<p><strong>ENLACES A OTRAS P\u00c1GINAS WEB.<\/strong><\/p>\r\n\r\n\r\n\r\n<p>El Titular puede ofrecer en su Portal enlaces, directa o indirectamente, a recursos o p\u00e1ginas web de Internet que se encuentran fuera del Portal. En ning\u00fan caso estos enlaces han de presuponer que existan acuerdos con sus responsables, ni la recomendaci\u00f3n de TEPSIS SBD a la contrataci\u00f3n de productos y\/o servicios que se ofrezcan.<\/p>\r\n\r\n\r\n\r\n<p>El Titular no tiene facultad ni medios humanos ni t\u00e9cnicos para conocer, controlar ni aprobar toda la informaci\u00f3n, contenidos, productos o servicios facilitados por otras p\u00e1ginas web a las que se puedan establecer enlaces desde el Portal. En consecuencia, el Titular no podr\u00e1 asumir ning\u00fan tipo de responsabilidad por cualquier aspecto relativo a las p\u00e1gina web a las que se pudieran establecer un enlace desde el Portal, en concreto, a t\u00edtulo enunciativo y no taxativo, sobre su funcionamiento, acceso, datos, informaci\u00f3n, archivos, calidad y fiabilidad de sus productos y servicios, sus propios enlaces y\/o cualquiera de sus contenidos, en general.<\/p>\r\n\r\n\r\n\r\n<p><strong>ENLACES CON DESTINO AL PORTAL DE TEPSIS.<\/strong><\/p>\r\n\r\n\r\n\r\n<p>Para el caso de que cualquier Usuario, entidad o p\u00e1gina web deseara establecer alg\u00fan tipo de enlace con destino al Portal, con prioridad a realizar dicho enlace deber\u00e1 obtener una autorizaci\u00f3n expresa y por escrito del Titular y el enlace deber\u00e1 ser absoluto y completo, en el sentido de que se realice a la p\u00e1gina principal de TEPSIS SBD, abarcando toda la extensi\u00f3n de la p\u00e1gina principal del Portal.<\/p>\r\n\r\n\r\n\r\n<p>En el caso de que la entidad que realizara el enlace desde su p\u00e1gina web al Portal de TEPSIS SBD, tambi\u00e9n deseara incluir en su p\u00e1gina web la marca, denominaci\u00f3n, nombre comercial, r\u00f3tulo, logotipo, o cualquier otro signo identificativo del Titular y\/o del Portal, necesitar\u00e1 la previa autorizaci\u00f3n expresa y por escrito de TEPSIS SBD.<\/p>\r\n\r\n\r\n\r\n<p><strong>NULIDAD.<\/strong><\/p>\r\n\r\n\r\n\r\n<p>En el caso de que cualquier disposici\u00f3n de este Aviso Legal fuera considerada nula, en su totalidad o en parte, dicha nulidad o inaplicaci\u00f3n no afectar\u00e1 a las otras disposiciones del Aviso Legal ni a las condiciones particulares que, en su caso, hayan podido ser establecidas.<\/p>\r\n\r\n\r\n\r\n<p>En el caso de que el Titular no ejerciera cualquier derecho o acci\u00f3n reconocida en este Aviso Legal, ello no constituir\u00e1 una renuncia al mismo, salvo reconocimiento y acuerdo que deber\u00e1 ser por escrito de su parte.<\/p>\r\n\r\n\r\n\r\n<p><strong>LEGISLACI\u00d3N APLICABLE Y TRIBUNALES COMPETENTES.<\/strong><\/p>\r\n\r\n\r\n\r\n<p>El presente Aviso Legal se regir\u00e1 por la normativa espa\u00f1ola.<\/p>\r\n\r\n\r\n\r\n<p>Para la resoluci\u00f3n de cualquier conflicto que pudiera derivarse del acceso al Portal, el Usuario y el Titular con renuncia expresa a cualquier otro fuero, acuerdan someterse expresamente a los Juzgados y Tribunales de la ciudad del domicilio del Titular.<\/p>\r\n","protected":false},"excerpt":{"rendered":"<p>TITULARIDAD DEL PORTAL. TEPSIS SBD, S.L. es el Titular del portal web www.ggrues.com (en adelante, el Portal). Su domicilio se encuentra en Sabadell, calle Sant Cugat no. 49 baixos y est\u00e1 provista de CIF B-64.086.705. Los datos registrales del Titular son: Registre Mercantil de Barcelona, Vol. 38226, Folio 210, Hoja B323730. Puede ponerse en contacto [&hellip;]<\/p>\n","protected":false},"author":1,"featured_media":0,"parent":0,"menu_order":0,"comment_status":"closed","ping_status":"closed","template":"","meta":{"footnotes":""},"class_list":["post-17","page","type-page","status-publish","hentry"],"yoast_head":"<!-- This site is optimized with the Yoast SEO plugin v24.6 - https:\/\/yoast.com\/wordpress\/plugins\/seo\/ -->\n<title>Aviso Legal - G-Gru@s<\/title>\n<meta name=\"robots\" content=\"index, follow, max-snippet:-1, max-image-preview:large, max-video-preview:-1\" \/>\n<link rel=\"canonical\" href=\"http:\/\/ggrues.com\/es\/aviso-legal\/\" \/>\n<meta property=\"og:locale\" content=\"es_ES\" \/>\n<meta property=\"og:type\" content=\"article\" \/>\n<meta property=\"og:title\" content=\"Aviso Legal - G-Gru@s\" \/>\n<meta property=\"og:description\" content=\"TITULARIDAD DEL PORTAL. TEPSIS SBD, S.L. es el Titular del portal web www.ggrues.com (en adelante, el Portal). Su domicilio se encuentra en Sabadell, calle Sant Cugat no. 49 baixos y est\u00e1 provista de CIF B-64.086.705. Los datos registrales del Titular son: Registre Mercantil de Barcelona, Vol. 38226, Folio 210, Hoja B323730. Puede ponerse en contacto [&hellip;]\" \/>\n<meta property=\"og:url\" content=\"http:\/\/ggrues.com\/es\/aviso-legal\/\" \/>\n<meta property=\"og:site_name\" content=\"G-Gru@s\" \/>\n<meta property=\"article:modified_time\" content=\"2021-03-02T17:04:33+00:00\" \/>\n<meta name=\"twitter:card\" content=\"summary_large_image\" \/>\n<meta name=\"twitter:label1\" content=\"Tiempo de lectura\" \/>\n\t<meta name=\"twitter:data1\" content=\"9 minutos\" \/>\n<script type=\"application\/ld+json\" class=\"yoast-schema-graph\">{\"@context\":\"https:\/\/schema.org\",\"@graph\":[{\"@type\":\"WebPage\",\"@id\":\"http:\/\/ggrues.com\/es\/aviso-legal\/\",\"url\":\"http:\/\/ggrues.com\/es\/aviso-legal\/\",\"name\":\"Aviso Legal - G-Gru@s\",\"isPartOf\":{\"@id\":\"http:\/\/ggrues.com\/es\/#website\"},\"datePublished\":\"2020-07-19T10:42:52+00:00\",\"dateModified\":\"2021-03-02T17:04:33+00:00\",\"breadcrumb\":{\"@id\":\"http:\/\/ggrues.com\/es\/aviso-legal\/#breadcrumb\"},\"inLanguage\":\"es\",\"potentialAction\":[{\"@type\":\"ReadAction\",\"target\":[\"http:\/\/ggrues.com\/es\/aviso-legal\/\"]}]},{\"@type\":\"BreadcrumbList\",\"@id\":\"http:\/\/ggrues.com\/es\/aviso-legal\/#breadcrumb\",\"itemListElement\":[{\"@type\":\"ListItem\",\"position\":1,\"name\":\"Inici\",\"item\":\"http:\/\/ggrues.com\/es\/\"},{\"@type\":\"ListItem\",\"position\":2,\"name\":\"Aviso Legal\"}]},{\"@type\":\"WebSite\",\"@id\":\"http:\/\/ggrues.com\/es\/#website\",\"url\":\"http:\/\/ggrues.com\/es\/\",\"name\":\"G-Gru@s\",\"description\":\"Soluci\u00f3n integral para el sector de las gr\u00faas telesc\u00f3picas\",\"publisher\":{\"@id\":\"http:\/\/ggrues.com\/es\/#organization\"},\"potentialAction\":[{\"@type\":\"SearchAction\",\"target\":{\"@type\":\"EntryPoint\",\"urlTemplate\":\"http:\/\/ggrues.com\/es\/?s={search_term_string}\"},\"query-input\":{\"@type\":\"PropertyValueSpecification\",\"valueRequired\":true,\"valueName\":\"search_term_string\"}}],\"inLanguage\":\"es\"},{\"@type\":\"Organization\",\"@id\":\"http:\/\/ggrues.com\/es\/#organization\",\"name\":\"Tepsis Sbd SL\",\"url\":\"http:\/\/ggrues.com\/es\/\",\"logo\":{\"@type\":\"ImageObject\",\"inLanguage\":\"es\",\"@id\":\"http:\/\/ggrues.com\/es\/#\/schema\/logo\/image\/\",\"url\":\"http:\/\/ggrues.com\/wp-content\/uploads\/2020\/07\/ggrues_by_tepsis_logo.png\",\"contentUrl\":\"http:\/\/ggrues.com\/wp-content\/uploads\/2020\/07\/ggrues_by_tepsis_logo.png\",\"width\":998,\"height\":370,\"caption\":\"Tepsis Sbd SL\"},\"image\":{\"@id\":\"http:\/\/ggrues.com\/es\/#\/schema\/logo\/image\/\"},\"sameAs\":[\"https:\/\/es.linkedin.com\/company\/tepsis\"]}]}<\/script>\n<!-- \/ Yoast SEO plugin. -->","yoast_head_json":{"title":"Aviso Legal - G-Gru@s","robots":{"index":"index","follow":"follow","max-snippet":"max-snippet:-1","max-image-preview":"max-image-preview:large","max-video-preview":"max-video-preview:-1"},"canonical":"http:\/\/ggrues.com\/es\/aviso-legal\/","og_locale":"es_ES","og_type":"article","og_title":"Aviso Legal - G-Gru@s","og_description":"TITULARIDAD DEL PORTAL. TEPSIS SBD, S.L. es el Titular del portal web www.ggrues.com (en adelante, el Portal). Su domicilio se encuentra en Sabadell, calle Sant Cugat no. 49 baixos y est\u00e1 provista de CIF B-64.086.705. Los datos registrales del Titular son: Registre Mercantil de Barcelona, Vol. 38226, Folio 210, Hoja B323730. Puede ponerse en contacto [&hellip;]","og_url":"http:\/\/ggrues.com\/es\/aviso-legal\/","og_site_name":"G-Gru@s","article_modified_time":"2021-03-02T17:04:33+00:00","twitter_card":"summary_large_image","twitter_misc":{"Tiempo de lectura":"9 minutos"},"schema":{"@context":"https:\/\/schema.org","@graph":[{"@type":"WebPage","@id":"http:\/\/ggrues.com\/es\/aviso-legal\/","url":"http:\/\/ggrues.com\/es\/aviso-legal\/","name":"Aviso Legal - G-Gru@s","isPartOf":{"@id":"http:\/\/ggrues.com\/es\/#website"},"datePublished":"2020-07-19T10:42:52+00:00","dateModified":"2021-03-02T17:04:33+00:00","breadcrumb":{"@id":"http:\/\/ggrues.com\/es\/aviso-legal\/#breadcrumb"},"inLanguage":"es","potentialAction":[{"@type":"ReadAction","target":["http:\/\/ggrues.com\/es\/aviso-legal\/"]}]},{"@type":"BreadcrumbList","@id":"http:\/\/ggrues.com\/es\/aviso-legal\/#breadcrumb","itemListElement":[{"@type":"ListItem","position":1,"name":"Inici","item":"http:\/\/ggrues.com\/es\/"},{"@type":"ListItem","position":2,"name":"Aviso Legal"}]},{"@type":"WebSite","@id":"http:\/\/ggrues.com\/es\/#website","url":"http:\/\/ggrues.com\/es\/","name":"G-Gru@s","description":"Soluci\u00f3n integral para el sector de las gr\u00faas telesc\u00f3picas","publisher":{"@id":"http:\/\/ggrues.com\/es\/#organization"},"potentialAction":[{"@type":"SearchAction","target":{"@type":"EntryPoint","urlTemplate":"http:\/\/ggrues.com\/es\/?s={search_term_string}"},"query-input":{"@type":"PropertyValueSpecification","valueRequired":true,"valueName":"search_term_string"}}],"inLanguage":"es"},{"@type":"Organization","@id":"http:\/\/ggrues.com\/es\/#organization","name":"Tepsis Sbd SL","url":"http:\/\/ggrues.com\/es\/","logo":{"@type":"ImageObject","inLanguage":"es","@id":"http:\/\/ggrues.com\/es\/#\/schema\/logo\/image\/","url":"http:\/\/ggrues.com\/wp-content\/uploads\/2020\/07\/ggrues_by_tepsis_logo.png","contentUrl":"http:\/\/ggrues.com\/wp-content\/uploads\/2020\/07\/ggrues_by_tepsis_logo.png","width":998,"height":370,"caption":"Tepsis Sbd SL"},"image":{"@id":"http:\/\/ggrues.com\/es\/#\/schema\/logo\/image\/"},"sameAs":["https:\/\/es.linkedin.com\/company\/tepsis"]}]}},"_links":{"self":[{"href":"http:\/\/ggrues.com\/es\/wp-json\/wp\/v2\/pages\/17","targetHints":{"allow":["GET"]}}],"collection":[{"href":"http:\/\/ggrues.com\/es\/wp-json\/wp\/v2\/pages"}],"about":[{"href":"http:\/\/ggrues.com\/es\/wp-json\/wp\/v2\/types\/page"}],"author":[{"embeddable":true,"href":"http:\/\/ggrues.com\/es\/wp-json\/wp\/v2\/users\/1"}],"replies":[{"embeddable":true,"href":"http:\/\/ggrues.com\/es\/wp-json\/wp\/v2\/comments?post=17"}],"version-history":[{"count":4,"href":"http:\/\/ggrues.com\/es\/wp-json\/wp\/v2\/pages\/17\/revisions"}],"predecessor-version":[{"id":808,"href":"http:\/\/ggrues.com\/es\/wp-json\/wp\/v2\/pages\/17\/revisions\/808"}],"wp:attachment":[{"href":"http:\/\/ggrues.com\/es\/wp-json\/wp\/v2\/media?parent=17"}],"curies":[{"name":"wp","href":"https:\/\/api.w.org\/{rel}","templated":true}]}}