{"id":15,"date":"2020-07-19T10:42:32","date_gmt":"2020-07-19T10:42:32","guid":{"rendered":"http:\/\/ggrues.com\/?page_id=15"},"modified":"2021-03-02T19:04:48","modified_gmt":"2021-03-02T17:04:48","slug":"politica-de-cookies","status":"publish","type":"page","link":"http:\/\/ggrues.com\/es\/politica-de-cookies\/","title":{"rendered":"Pol\u00edtica de Cookies"},"content":{"rendered":"\r\n<p>TEPSIS SBD, S.L. \u2013en adelante TEPSIS- en cumplimiento de lo dispuesto por el art. 22.2. de la Ley de los Servicios de la Sociedad de la Informaci\u00f3n, informa a los Usuarios de este Portal web sobre el uso de cookies en su p\u00e1gina web.<\/p>\r\n\r\n\r\n\r\n<p>En los siguientes apartados les damos informaci\u00f3n sobre las cookies que utiliza este sitio Web, as\u00ed como de la forma de gestionarlas y de como eliminarlas completamente.<\/p>\r\n\r\n\r\n\r\n<p><strong><u>Aceptaci\u00f3n de la pol\u00edtica de Cookies<\/u><\/strong><\/p>\r\n\r\n\r\n\r\n<p>Al utilizar el portal web de TEPSIS, el usuario acepta el uso de Cookies y consiente el tratamiento de informaci\u00f3n sobre s\u00ed mismo en la forma y para los fines indicados m\u00e1s abajo. No obstante, TEPSIS muestra informaci\u00f3n sobre su pol\u00edtica de Cookies en la parte superior de la p\u00e1gina principal del sitio web con cada inicio de sesi\u00f3n con el objetivo de que los Usuarios sean conscientes<\/p>\r\n\r\n\r\n\r\n<p><strong><u>Concepto de Cookies<\/u><\/strong><\/p>\r\n\r\n\r\n\r\n<p>Las Cookies son archivos que las p\u00e1ginas web pueden descargar en sus equipos cada vez que se acceda a una p\u00e1gina web, creadas\u00a0 con la finalidad de ayudar al portal web a analizar el uso que fan los Usuarios d\u2019este lloc web, que poden ser actualitzats o recuperats por la entitat responsable de su installaci\u00f3n.<\/p>\r\n\r\n\r\n\r\n<p>Estos archivos permiten almacenar en el equipo del usuario cantidad de datos que pueden ser desde unos pocos quilobytes hasta varios megabytes.<\/p>\r\n\r\n\r\n\r\n<p>Las Cookies son herramientas que tienen un papel esencial para la prestaci\u00f3n de Servicios de la Societadad de la Informaci\u00f3n ya que sirven para que una p\u00e1gina web pueda almacenar y recuperar informaci\u00f3n sobre los h\u00e1bitos de navegaci\u00f3n de los Usuarios de la Web o de su equipo y, depenendiendo de la informaci\u00f3n obtenida, se pueden utilizar para reconocer al Usuario y mejorar los servicios ofrecidos.<\/p>\r\n\r\n\r\n\r\n<p><strong><u>Tipos de Cookies<\/u><\/strong><\/p>\r\n\r\n\r\n\r\n<p>A continuaci\u00f3n, se realiza una clasificaci\u00f3n de las diferentes cookies que existen en funci\u00f3n de una serie de categor\u00edas. No obstant, es necesario tenir en cuenta que una misma Cookie puede estar inclu\u00edda en m\u00e1s de una categor\u00eda.<\/p>\r\n\r\n\r\n\r\n<p>Seg\u00fan la entitdad que gestione el dominio desde la que se env\u00edan las Cookies y que trate los datos obtenidos, las Cookies pueden ser:<\/p>\r\n\r\n\r\n\r\n<ul class=\"wp-block-list\">\r\n<li>Cookies propias, son aquellas que se env\u00edan a un equipo del usuario desde un equipo o dominio gestionado por el propio editor y desde el que se presta el servicio solicitado por el Usuario.<\/li>\r\n<\/ul>\r\n\r\n\r\n\r\n<p>o<\/p>\r\n\r\n\r\n\r\n<ul class=\"wp-block-list\">\r\n<li>Cookies de terceros, Son aquellas que se env\u00edan al equipo del usuario desde el equipo o dominio que no es gestionado por el editor y desde el que se presta el servicio solicitado por el usuario<\/li>\r\n<\/ul>\r\n\r\n\r\n\r\n<p>Seg\u00fan el tiempo que las cookies quedan almacenadas en los equipos\/navegadores de los usuarioso, se distingue entre:<\/p>\r\n\r\n\r\n\r\n<ul class=\"wp-block-list\">\r\n<li>Cookies de sesi\u00f3n, son aquellas que han sido dise\u00f1adas para recoger y almacenar datos mientras el usuario accede a un portal web. Acostumbran a utilizarse para almacenar informaci\u00f3n que s\u00f3lo interesa conservar para la prestaci\u00f3n del servicio solicitado por el usuario en una sola ocasi\u00f3n<\/li>\r\n<\/ul>\r\n\r\n\r\n\r\n<p>o<\/p>\r\n\r\n\r\n\r\n<ul class=\"wp-block-list\">\r\n<li>Cookies persistentes, son un tipo de cookies en las que los datos contin\u00faan almacenados en el equipo del usuario y pueden ser accedidos y tratados durante un periodo definido por el responsable de la cookie, que puede ir desde unos cuantos minutos hasta varios a\u00f1os.<\/li>\r\n<\/ul>\r\n\r\n\r\n\r\n<p>Seg\u00fan la finalidad con la que se traten los datos obtenidos, las cookies se clasifican en:<\/p>\r\n\r\n\r\n\r\n<ul class=\"wp-block-list\">\r\n<li>Cookies t\u00e9cnicas\u00a0, son aquellas que permtien al usuario la navegaci\u00f3n a trav\u00e9s de la p\u00e1gina web, plataforma o aplicaci\u00f3n y la utilizaci\u00f3n de las diferentes opciones o servicios que en ella existen, com por ejemplo controlar el tr\u00e0fico y la comunicaci\u00f3n de datos, identificar la sesi\u00f3n, acceder a \u00e1reas de accso restringido, recordar los elementos integrantes de un pedido, realizar el proceso de compra de un pedido, realizar la solicitud de inscripci\u00f3n o participaci\u00f3n a un evento, utilizar elementos de seguridad durante la navegaci\u00f3n, almacenar contenidos para la difusi\u00f3n de v\u00eddeos o sonidos o para compartir contenidos a trav\u00e9s de redes sociales.<\/li>\r\n<\/ul>\r\n\r\n\r\n\r\n<ul class=\"wp-block-list\">\r\n<li>Cookies de personalizaci\u00f3n, son aquellas que permiten al usuario acceder al servicio con algunas caracter\u00edsticas de car\u00e1cter general predefinidas en funci\u00f3n de una serie de criterios del terminal del usuario como por ejemplo, el idioma, tipo de navegador, etc.<\/li>\r\n<\/ul>\r\n\r\n\r\n\r\n<ul class=\"wp-block-list\">\r\n<li>Cookies de an\u00e1lisis, son aquellas que permiten al responsable de las mismas, el seguimiento y an\u00e1lisis del comportamiento de los usuarios del portal web y se utilizan para medirr la actividad del portal web, para elaborar perfiles de navegaci\u00f3n de los usuarios en el Portal web, con la finalidad de introducir mejoras en funci\u00f3n del an\u00e1lisis de los datos sobre el us que hacen los usuarios del servicio.<\/li>\r\n<\/ul>\r\n\r\n\r\n\r\n<ul class=\"wp-block-list\">\r\n<li>Cookies publicitarias, son aquellas que permiten la gesti\u00f3n, de la forma m\u00e1s eficaz posible, de los espacios publicitarios que, en el su caso, el editor haya inclu\u00eddo en un Portal web desde el que presta el servicio solicitado en base a criterios como el contenido editado o la frecuencia en la que se muestran los anuncios.<\/li>\r\n<\/ul>\r\n\r\n\r\n\r\n<ul class=\"wp-block-list\">\r\n<li>Cookies de publicidad comportamental, son aquellas que permiten la gesti\u00f3n, de la forma m\u00e1s eficaz posible, de los espacios publicitarios que, en el su caso, el editor haya inclu\u00eddo en un Portal web desde el que presta el servicio solicitado. Estas cookies almacenan informaci\u00f3n del comportamiento de los usuarios obtenida a trav\u00e9s de la observaci\u00f3n continuada de los h\u00e1bitos de navegaci\u00f3n, lo que permite desarrollar un perfil espec\u00edfico para exponer publicidad en funci\u00f3n del mismo.<\/li>\r\n<\/ul>\r\n\r\n\r\n\r\n<p>En cualquier caso, se debe tener en cuenta que una misma cookie puede tener m\u00e1s de una finalidad.<\/p>\r\n\r\n\r\n\r\n<p><strong><u>Cookies Utilizadas en este portal Web de TEPSIS:<\/u><\/strong><\/p>\r\n\r\n\r\n\r\n<ol class=\"wp-block-list\">\r\n<li><strong>Google Analytics<\/strong><\/li>\r\n<\/ol>\r\n\r\n\r\n\r\n<p>El Portal web de TEPSIS utiliza Google Analytics, un servicio anal\u00edtic de web prestado por Google, Inc., que permite la medici\u00f3n y an\u00e1lisis de la navegaci\u00f3n en las p\u00e1ginas web. Seg\u00fan la tipolog\u00eda anterior se trata de Cookies de an\u00e1lisis.<\/p>\r\n\r\n\r\n\r\n<p>Google Inc. es una compa\u00f1\u00eda de Delaware que tiene la oficina principal en la direcci\u00f3n \u00a01600 Amphitheatre Parkway, Mountain View (Calif\u00f2rnia), CA 94043, Estados Unidos (\u201cGoogle\u201d).<\/p>\r\n\r\n\r\n\r\n<p><strong>TEPSIS\u00a0<\/strong>utiliza las cookies de Google Analytics, que son ficheros de texto que se ubican en su ordenador como usuario de este Portal web, porque le permiten y ayudan a analizar el uso que los usuarios hacen de su portal web.<\/p>\r\n\r\n\r\n\r\n<p><strong>TEPSIS\u00a0<\/strong>a trav\u00e9s de la anal\u00edtica web de Google Analythics obtiene informaci\u00f3n relativa al No. De usuarios que acceden a la Web, a las ventanas visitadas, la frecuencia y repetici\u00f3n de las visitas, la duraci\u00f3n de las visitas, el navegador utilizado, el operador que presta el servicio, el terminal que utiliza, o la ciudad a la que esta asignada su direcci\u00f3n IP. Informaci\u00f3n que posibilita un mejor y m\u00e1s apropiado servicio por parte de este sitio web. La informaci\u00f3n que genera la Cookie sobre el us del sitio web (incluyendo su direcci\u00f3n IP) ser\u00e1 directamente transmitida y archivada por Google en los servidores de los Estados Unidos.<\/p>\r\n\r\n\r\n\r\n<p>En su navegador podr\u00e1 observar las siguientes Cookies del servicio de Google Analytics utilizadas por TEPSIS<strong>,\u00a0<\/strong>denominadas:<\/p>\r\n\r\n\r\n\r\n<ul class=\"wp-block-list\">\r\n<li>\u201c_utma\u201d: Cookie persistente que permite hacer un seguimiento de la actividad realizada en el Portal web de TEPSIS por los Usuarios.<\/li>\r\n<li>\u201c_utmb\u201d: Cookie persistente que recopila informaci\u00f3n de registro est\u00e1ndard y datos sobre los h\u00e1bitos de los Usuarios del Portal Web de TEPSIS de forma an\u00f3nima.<\/li>\r\n<li>\u201c_utmc\u201d: cookie de sesi\u00f3n que desaparecer\u00e1 del equipo del usuario tan pronto como el \u2019usuario ponga fin a la sesi\u00f3n en el Portal web de TEPSIS.<\/li>\r\n<li>\u201c_utmz\u201d: cookie persistente con vencimento a los 6 meses desdel su acceso al Portal web de TEPSIS<\/li>\r\n<li>\u201c_utmv\u201d<\/li>\r\n<li>\u201c_ga\u201d<\/li>\r\n<li>\u201c_utmt\u201d<\/li>\r\n<li>\u201c_gat\u201d<\/li>\r\n<li>\u201cCookieUser\u201d<\/li>\r\n<\/ul>\r\n\r\n\r\n\r\n<p>Google utilizar\u00e1 esta informaci\u00f3n por cuenta de TEPSIS con el prop\u00f3sito de seguir la pista del uso del Portal web de TEPSIS, recopilando informes de la actividad del Portal web y prestando otros servicios relacionados con la actividad del Portal web y el uso de Internet.<\/p>\r\n\r\n\r\n\r\n<p>TEPSIS y Google s\u00f3lo podran transmitir esta informaci\u00f3n a terceros cuando as\u00ed lo requiera la legislaci\u00f3n, o cuando estos terceros procesen la informaci\u00f3n por cuenta de Google.<\/p>\r\n\r\n\r\n\r\n<p>Ni TEPSIS ni Google asociaran su direcci\u00f3n IP con cualquier otro dato del que dispongan.<\/p>\r\n\r\n\r\n\r\n<p>Si quisieran obtener m\u00e1s informaci\u00f3n sobre las Cookies de Google Analytics puede consultar el siguiente enlace\u00a0<a href=\"https:\/\/developers.google.com\/analytics\/devguides\/collection\/analyticsjs\/cookie-usage\"><strong>https:\/\/developers.google.com\/analytics\/devguides\/collection\/analyticsjs\/cookie-usage<\/strong><\/a><\/p>\r\n\r\n\r\n\r\n<ol class=\"wp-block-list\" start=\"2\">\r\n<li><strong>Cookies publicitarias de Google<\/strong><\/li>\r\n<\/ol>\r\n\r\n\r\n\r\n<p>Al acceder a este Portal web se descargan cookies asociadas al dominio \u201cgoogle.com\u201d (NID), \u201cGoogle.es\u201d (NID y PREF) y \u201cGoogleadservices.com\u201d o \u201cgooglle.com\/ads\u201d. Estas cookies se descargan debido a que est\u00e1n vinculadas a algunos productos y servicios de google utilizados por este portal web.<\/p>\r\n\r\n\r\n\r\n<p>En efecto la propia Google en una de sus p\u00e1ginas informa de que utiliza estas cookies publicitarias \u201c<em>para poder personalizar los anuncios que se muestran en sus servicios como, por ejemplo, la B\u00fasqueda de Google.(\u2026)<\/em><em>Google tambi\u00e9n utiliza varias cookies de conversi\u00f3n cuya finalidad principal es ayudar a los anunciantes a determinar el n\u00famero de veces que las personas que hacen clic en sus anuncios terminan comprando sus productos. Estas cookies permiten a Google y al anunciante determinar que has hecho clic en el anuncio y que has accedido posteriormente al sitio web del anunciante. Sin embargo, las cookies de conversi\u00f3n solo duran un per\u00edodo de tiempo limitado y Google no las utiliza para la segmentaci\u00f3n de anuncios por intereses. Normalmente, estas cookies se habilitan en los dominios\u00a0<strong>\u201cgoogleadservices.com\u201d o \u201cgoogle.com\/ads<\/strong>\u201d y se denominan \u201cConversion\u201d y \u201cTAID\u201d. Los datos de las cookies de conversi\u00f3n tambi\u00e9n se pueden utilizar junto con tu cuenta de Google para vincular eventos de conversi\u00f3n en diferentes dispositivos que utilices. Solo se comparten con los anunciantes los datos an\u00f3nimos recopilados a trav\u00e9s de estas cookies.<\/em><\/p>\r\n\r\n\r\n\r\n<ol class=\"wp-block-list\" start=\"3\">\r\n<li><strong>Cookies publicitarias de youtube.com<\/strong><\/li>\r\n<\/ol>\r\n\r\n\r\n\r\n<p>En caso de hacer clic al bot\u00f3n de aceptar la pol\u00edtica de cookies y despu\u00e9s de realizar una navegaci\u00f3n por este Portal web, tambi\u00e9n se podr\u00edan descargar cookies publicitarias de terceros sota el dominio de youtube.com.<\/p>\r\n\r\n\r\n\r\n<ol class=\"wp-block-list\" start=\"4\">\r\n<li><strong>TEPSIS no\u00a0<\/strong>utiliza cookies propias.<\/li>\r\n<\/ol>\r\n\r\n\r\n\r\n<ol class=\"wp-block-list\" start=\"5\">\r\n<li><strong>TEPSIS\u00a0<\/strong>utiliza las cookies de terceros del WP Wordfence que son cookies t\u00e9cnicas para identificar trafico en la web.<\/li>\r\n<\/ol>\r\n\r\n\r\n\r\n<p><strong><u>C\u00f3mo modificar la configuraci\u00f3n de las Cookies<\/u><\/strong><\/p>\r\n\r\n\r\n\r\n<p>TEPSIS informa al usuario de que en cualquier momento puede rechazar el uso de cookies mediante la selecci\u00f3n de la configuraci\u00f3n apropiada de su navegador, pero, debe saber que si lo hace puede ser que no pueda utilizar la plena funcionalidad de este website.<\/p>\r\n\r\n\r\n\r\n<p>A continuaci\u00f3n le indicamos como puede buscar, bloquejar o eliminar una cookie, aunque puede \u00a0variar en funci\u00f3n de la versi\u00f3n del navegador:<\/p>\r\n\r\n\r\n\r\n<ul class=\"wp-block-list\">\r\n<li>Chrome, instrucciones:\u00a0<a href=\"http:\/\/support.google.com\/chrome\/bin\/answer.py?hl=es&amp;answer=95647\">http:\/\/support.google.com\/chrome\/bin\/answer.py?hl=es&amp;answer=95647<\/a><\/li>\r\n<li>Explorer,\u00a0instrucciones:\u00a0<a href=\"http:\/\/windows.microsoft.com\/es-es\/windows7\/how-to-manage-cookies-in-internet-explorer-9\">http:\/\/windows.microsoft.com\/es-es\/windows7\/how-to-manage-cookies-in-internet-explorer-9<\/a><\/li>\r\n<li>Firefox,\u00a0instrucciones:\u00a0<a href=\"http:\/\/support.mozilla.org\/es\/kb\/habilitar-y-deshabilitar-cookies-que-los-sitios-we\">http:\/\/support.mozilla.org\/es\/kb\/habilitar-y-deshabilitar-cookies-que-los-sitios-we<\/a><\/li>\r\n<li>Safari,\u00a0instrucciones:\u00a0<a href=\"http:\/\/support.apple.com\/kb\/ph5042\">http:\/\/support.apple.com\/kb\/ph5042<\/a><\/li>\r\n<\/ul>\r\n\r\n\r\n\r\n<p><strong><u>GOOGLE CHROME<\/u><\/strong><\/p>\r\n\r\n\r\n\r\n<ol class=\"wp-block-list\">\r\n<li>Vaya a\u00a0<em>Configuraci\u00f3n<\/em>\u00a0o\u00a0<em>Preferencias<\/em>\u00a0a trav\u00e9s del men\u00fa\u00a0<em>Archivo<\/em>\u00a0o bien haciendo clic sobre el icono de personalitzaci\u00f3n que aparece en la parte superior derecha.<\/li>\r\n<li>Haga clic sobre la opci\u00f3n\u00a0<em>Muestra la configuraci\u00f3n avanzada<\/em>.<\/li>\r\n<li>Vaya a\u00a0<em>Privacidad<\/em>\u00a0&gt;\u00a0<em>Configuraci\u00f3n del contenido<\/em>.<\/li>\r\n<li>Seleccione\u00a0<em>Todas las cookies y datos del sitio<\/em>.<\/li>\r\n<li>Se mostrar\u00e1 un listado con todas las cookies. ordenadas por dominio. Puede buscar las cookies de un determinado dominio, introduciendo parcial o totalmente la direcci\u00f3n en el campo\u00a0<em>Buscar cookies<\/em>.<\/li>\r\n<li>Una vezrealizado este filtro, aparecer\u00e1n en pantalla una o varias l\u00edneas con las cookies de la web solicitada. Seguidamente debe\u00a0<em>seleccionarlas y seleccionar la X para eliminarlas<\/em>.<\/li>\r\n<\/ol>\r\n\r\n\r\n\r\n<p><strong><u>INTERNET EXPLORER<\/u><\/strong><\/p>\r\n\r\n\r\n\r\n<ol class=\"wp-block-list\">\r\n<li>Vaya a\u00a0<em>Herramientas<\/em>,\u00a0<em>Opciones de Internet<\/em>.<\/li>\r\n<\/ol>\r\n\r\n\r\n\r\n<ol class=\"wp-block-list\">\r\n<li>Haga clic sobre\u00a0<em>Privacidad<\/em>.<\/li>\r\n<li>Mueva la barra hasta ajustar el nivel de privacidad que desee.<\/li>\r\n<\/ol>\r\n\r\n\r\n\r\n<p><strong><u>FIREFOX<\/u><\/strong><\/p>\r\n\r\n\r\n\r\n<ol class=\"wp-block-list\">\r\n<li>Vaya a\u00a0<em>Opciones<\/em>\u00a0o\u00a0<em>Preferencias,<\/em>\u00a0seg\u00fan su sistema operativo.<\/li>\r\n<\/ol>\r\n\r\n\r\n\r\n<ol class=\"wp-block-list\">\r\n<li>Haga clic sobre\u00a0<em>Privacidad<\/em>.<\/li>\r\n<li>En\u00a0<em>Historial<\/em>\u00a0seleccione\u00a0<em>Utilizar una configuraci\u00f3n personalizada para historial<\/em>.<\/li>\r\n<li>Seguidamente ver\u00e1 la opci\u00f3n\u00a0<em>Aceptar cookies<\/em>, puede activarla o desactivarla seg\u00fan sus preferencias.<\/li>\r\n<\/ol>\r\n\r\n\r\n\r\n<p><strong><u>SAFARI (para\u00a0 iOS)<\/u><\/strong><\/p>\r\n\r\n\r\n\r\n<ol class=\"wp-block-list\">\r\n<li>Vaya a\u00a0<em>Ajustes<\/em>, y despu\u00e9s\u00a0<em>Safari<\/em>.<\/li>\r\n<li>Vaya a\u00a0<em>Privacidad y Seguridad<\/em>, ver\u00e1 la opci\u00f3n\u00a0<em>Bloquear cookies<\/em>\u00a0donde podr\u00e1 ajustar el tipo de bloqueo que desee realizar.<\/li>\r\n<\/ol>\r\n\r\n\r\n\r\n<p><strong><u>SAFARI (para OSX)<\/u><\/strong><\/p>\r\n\r\n\r\n\r\n<ol class=\"wp-block-list\">\r\n<li>Vaya a\u00a0<em>Preferencias<\/em>, y despu\u00e9s a\u00a0<em>Privacidad<\/em>.<\/li>\r\n<li>En este apartado vera la opci\u00f3n\u00a0<em>Bloquear cookies<\/em>\u00a0donde podr\u00e1 ajustar el tipo de bloqueo que desee realizar.<\/li>\r\n<\/ol>\r\n\r\n\r\n\r\n<p><strong><u>ANDROID<\/u><\/strong><\/p>\r\n\r\n\r\n\r\n<ol class=\"wp-block-list\">\r\n<li>Ejecute el navegador y pulse la tecla\u00a0<em>Men\u00fa<\/em>, despu\u00e9s\u00a0<em>Ajustes<\/em>.<\/li>\r\n<li>Vaya a\u00a0<em>Seguridad y Privacidad<\/em>, vera la opci\u00f3n\u00a0<em>Aceptar cookies<\/em>\u00a0donde podr\u00e1 activar o desactivar la casilla.<\/li>\r\n<\/ol>\r\n\r\n\r\n\r\n<p><strong><u>WINDOWS PHONE<\/u><\/strong><\/p>\r\n\r\n\r\n\r\n<p>Puede variar en funci\u00f3n de la versi\u00f3n del navegador:<\/p>\r\n\r\n\r\n\r\n<ol class=\"wp-block-list\">\r\n<li>Ejecute el navegador y pulse la tecla\u00a0<em>Men\u00fa<\/em>, despu\u00e9s\u00a0<em>Ajustes<\/em>.<\/li>\r\n<li>Vaya a\u00a0<em>Seguridad y Privacidad<\/em>, vera la opci\u00f3n\u00a0<em>Aceptar cookies<\/em>\u00a0donde podr\u00e1 activar o desactivar la casilla.<\/li>\r\n<\/ol>\r\n\r\n\r\n\r\n<p>Por \u00faltimo, TEPSIS informa al USUARIO sobre la exist\u00e8ncia de una herramienta disponible online, que permite a los usuarios detectar las cookies de cada sitio web que visiten y gestionar su \u00a0desactivaci\u00f3 (por ejemplo, Ghostery:\u00a0<a href=\"http:\/\/www.ghostery.com\/privacy-statement\">http:\/\/www.ghostery.com\/privacy-statement<\/a>,\u00a0<a href=\"http:\/\/www.ghostery.com\/faq\">http:\/\/www.ghostery.com\/faq<\/a>).<\/p>\r\n","protected":false},"excerpt":{"rendered":"<p>TEPSIS SBD, S.L. \u2013en adelante TEPSIS- en cumplimiento de lo dispuesto por el art. 22.2. de la Ley de los Servicios de la Sociedad de la Informaci\u00f3n, informa a los Usuarios de este Portal web sobre el uso de cookies en su p\u00e1gina web. En los siguientes apartados les damos informaci\u00f3n sobre las cookies que [&hellip;]<\/p>\n","protected":false},"author":1,"featured_media":0,"parent":0,"menu_order":0,"comment_status":"closed","ping_status":"closed","template":"","meta":{"footnotes":""},"class_list":["post-15","page","type-page","status-publish","hentry"],"yoast_head":"<!-- This site is optimized with the Yoast SEO plugin v24.6 - https:\/\/yoast.com\/wordpress\/plugins\/seo\/ -->\n<title>Pol\u00edtica de Cookies - G-Gru@s<\/title>\n<meta name=\"robots\" content=\"index, follow, max-snippet:-1, max-image-preview:large, max-video-preview:-1\" \/>\n<link rel=\"canonical\" href=\"http:\/\/ggrues.com\/es\/politica-de-cookies\/\" \/>\n<meta property=\"og:locale\" content=\"es_ES\" \/>\n<meta property=\"og:type\" content=\"article\" \/>\n<meta property=\"og:title\" content=\"Pol\u00edtica de Cookies - G-Gru@s\" \/>\n<meta property=\"og:description\" content=\"TEPSIS SBD, S.L. \u2013en adelante TEPSIS- en cumplimiento de lo dispuesto por el art. 22.2. de la Ley de los Servicios de la Sociedad de la Informaci\u00f3n, informa a los Usuarios de este Portal web sobre el uso de cookies en su p\u00e1gina web. En los siguientes apartados les damos informaci\u00f3n sobre las cookies que [&hellip;]\" \/>\n<meta property=\"og:url\" content=\"http:\/\/ggrues.com\/es\/politica-de-cookies\/\" \/>\n<meta property=\"og:site_name\" content=\"G-Gru@s\" \/>\n<meta property=\"article:modified_time\" content=\"2021-03-02T17:04:48+00:00\" \/>\n<meta name=\"twitter:card\" content=\"summary_large_image\" \/>\n<meta name=\"twitter:label1\" content=\"Tiempo de lectura\" \/>\n\t<meta name=\"twitter:data1\" content=\"11 minutos\" \/>\n<script type=\"application\/ld+json\" class=\"yoast-schema-graph\">{\"@context\":\"https:\/\/schema.org\",\"@graph\":[{\"@type\":\"WebPage\",\"@id\":\"http:\/\/ggrues.com\/es\/politica-de-cookies\/\",\"url\":\"http:\/\/ggrues.com\/es\/politica-de-cookies\/\",\"name\":\"Pol\u00edtica de Cookies - G-Gru@s\",\"isPartOf\":{\"@id\":\"http:\/\/ggrues.com\/es\/#website\"},\"datePublished\":\"2020-07-19T10:42:32+00:00\",\"dateModified\":\"2021-03-02T17:04:48+00:00\",\"breadcrumb\":{\"@id\":\"http:\/\/ggrues.com\/es\/politica-de-cookies\/#breadcrumb\"},\"inLanguage\":\"es\",\"potentialAction\":[{\"@type\":\"ReadAction\",\"target\":[\"http:\/\/ggrues.com\/es\/politica-de-cookies\/\"]}]},{\"@type\":\"BreadcrumbList\",\"@id\":\"http:\/\/ggrues.com\/es\/politica-de-cookies\/#breadcrumb\",\"itemListElement\":[{\"@type\":\"ListItem\",\"position\":1,\"name\":\"Inici\",\"item\":\"http:\/\/ggrues.com\/es\/\"},{\"@type\":\"ListItem\",\"position\":2,\"name\":\"Pol\u00edtica de Cookies\"}]},{\"@type\":\"WebSite\",\"@id\":\"http:\/\/ggrues.com\/es\/#website\",\"url\":\"http:\/\/ggrues.com\/es\/\",\"name\":\"G-Gru@s\",\"description\":\"Soluci\u00f3n integral para el sector de las gr\u00faas telesc\u00f3picas\",\"publisher\":{\"@id\":\"http:\/\/ggrues.com\/es\/#organization\"},\"potentialAction\":[{\"@type\":\"SearchAction\",\"target\":{\"@type\":\"EntryPoint\",\"urlTemplate\":\"http:\/\/ggrues.com\/es\/?s={search_term_string}\"},\"query-input\":{\"@type\":\"PropertyValueSpecification\",\"valueRequired\":true,\"valueName\":\"search_term_string\"}}],\"inLanguage\":\"es\"},{\"@type\":\"Organization\",\"@id\":\"http:\/\/ggrues.com\/es\/#organization\",\"name\":\"Tepsis Sbd SL\",\"url\":\"http:\/\/ggrues.com\/es\/\",\"logo\":{\"@type\":\"ImageObject\",\"inLanguage\":\"es\",\"@id\":\"http:\/\/ggrues.com\/es\/#\/schema\/logo\/image\/\",\"url\":\"http:\/\/ggrues.com\/wp-content\/uploads\/2020\/07\/ggrues_by_tepsis_logo.png\",\"contentUrl\":\"http:\/\/ggrues.com\/wp-content\/uploads\/2020\/07\/ggrues_by_tepsis_logo.png\",\"width\":998,\"height\":370,\"caption\":\"Tepsis Sbd SL\"},\"image\":{\"@id\":\"http:\/\/ggrues.com\/es\/#\/schema\/logo\/image\/\"},\"sameAs\":[\"https:\/\/es.linkedin.com\/company\/tepsis\"]}]}<\/script>\n<!-- \/ Yoast SEO plugin. -->","yoast_head_json":{"title":"Pol\u00edtica de Cookies - G-Gru@s","robots":{"index":"index","follow":"follow","max-snippet":"max-snippet:-1","max-image-preview":"max-image-preview:large","max-video-preview":"max-video-preview:-1"},"canonical":"http:\/\/ggrues.com\/es\/politica-de-cookies\/","og_locale":"es_ES","og_type":"article","og_title":"Pol\u00edtica de Cookies - G-Gru@s","og_description":"TEPSIS SBD, S.L. \u2013en adelante TEPSIS- en cumplimiento de lo dispuesto por el art. 22.2. de la Ley de los Servicios de la Sociedad de la Informaci\u00f3n, informa a los Usuarios de este Portal web sobre el uso de cookies en su p\u00e1gina web. En los siguientes apartados les damos informaci\u00f3n sobre las cookies que [&hellip;]","og_url":"http:\/\/ggrues.com\/es\/politica-de-cookies\/","og_site_name":"G-Gru@s","article_modified_time":"2021-03-02T17:04:48+00:00","twitter_card":"summary_large_image","twitter_misc":{"Tiempo de lectura":"11 minutos"},"schema":{"@context":"https:\/\/schema.org","@graph":[{"@type":"WebPage","@id":"http:\/\/ggrues.com\/es\/politica-de-cookies\/","url":"http:\/\/ggrues.com\/es\/politica-de-cookies\/","name":"Pol\u00edtica de Cookies - G-Gru@s","isPartOf":{"@id":"http:\/\/ggrues.com\/es\/#website"},"datePublished":"2020-07-19T10:42:32+00:00","dateModified":"2021-03-02T17:04:48+00:00","breadcrumb":{"@id":"http:\/\/ggrues.com\/es\/politica-de-cookies\/#breadcrumb"},"inLanguage":"es","potentialAction":[{"@type":"ReadAction","target":["http:\/\/ggrues.com\/es\/politica-de-cookies\/"]}]},{"@type":"BreadcrumbList","@id":"http:\/\/ggrues.com\/es\/politica-de-cookies\/#breadcrumb","itemListElement":[{"@type":"ListItem","position":1,"name":"Inici","item":"http:\/\/ggrues.com\/es\/"},{"@type":"ListItem","position":2,"name":"Pol\u00edtica de Cookies"}]},{"@type":"WebSite","@id":"http:\/\/ggrues.com\/es\/#website","url":"http:\/\/ggrues.com\/es\/","name":"G-Gru@s","description":"Soluci\u00f3n integral para el sector de las gr\u00faas telesc\u00f3picas","publisher":{"@id":"http:\/\/ggrues.com\/es\/#organization"},"potentialAction":[{"@type":"SearchAction","target":{"@type":"EntryPoint","urlTemplate":"http:\/\/ggrues.com\/es\/?s={search_term_string}"},"query-input":{"@type":"PropertyValueSpecification","valueRequired":true,"valueName":"search_term_string"}}],"inLanguage":"es"},{"@type":"Organization","@id":"http:\/\/ggrues.com\/es\/#organization","name":"Tepsis Sbd SL","url":"http:\/\/ggrues.com\/es\/","logo":{"@type":"ImageObject","inLanguage":"es","@id":"http:\/\/ggrues.com\/es\/#\/schema\/logo\/image\/","url":"http:\/\/ggrues.com\/wp-content\/uploads\/2020\/07\/ggrues_by_tepsis_logo.png","contentUrl":"http:\/\/ggrues.com\/wp-content\/uploads\/2020\/07\/ggrues_by_tepsis_logo.png","width":998,"height":370,"caption":"Tepsis Sbd SL"},"image":{"@id":"http:\/\/ggrues.com\/es\/#\/schema\/logo\/image\/"},"sameAs":["https:\/\/es.linkedin.com\/company\/tepsis"]}]}},"_links":{"self":[{"href":"http:\/\/ggrues.com\/es\/wp-json\/wp\/v2\/pages\/15","targetHints":{"allow":["GET"]}}],"collection":[{"href":"http:\/\/ggrues.com\/es\/wp-json\/wp\/v2\/pages"}],"about":[{"href":"http:\/\/ggrues.com\/es\/wp-json\/wp\/v2\/types\/page"}],"author":[{"embeddable":true,"href":"http:\/\/ggrues.com\/es\/wp-json\/wp\/v2\/users\/1"}],"replies":[{"embeddable":true,"href":"http:\/\/ggrues.com\/es\/wp-json\/wp\/v2\/comments?post=15"}],"version-history":[{"count":4,"href":"http:\/\/ggrues.com\/es\/wp-json\/wp\/v2\/pages\/15\/revisions"}],"predecessor-version":[{"id":809,"href":"http:\/\/ggrues.com\/es\/wp-json\/wp\/v2\/pages\/15\/revisions\/809"}],"wp:attachment":[{"href":"http:\/\/ggrues.com\/es\/wp-json\/wp\/v2\/media?parent=15"}],"curies":[{"name":"wp","href":"https:\/\/api.w.org\/{rel}","templated":true}]}}